{"id":66,"date":"2024-11-03T14:28:25","date_gmt":"2024-11-03T14:28:25","guid":{"rendered":"https:\/\/eurosalesman.ro\/front-page\/"},"modified":"2025-02-25T15:57:00","modified_gmt":"2025-02-25T15:57:00","slug":"front-page","status":"publish","type":"page","link":"https:\/\/eurosalesman.ro\/ro\/","title":{"rendered":"Prima pagin\u0103"},"content":{"rendered":"<div data-elementor-type=\"wp-page\" data-elementor-id=\"66\" class=\"elementor elementor-66\" data-elementor-post-type=\"page\">\n\t\t\t\t<div class=\"elementor-element elementor-element-13fe3afd e-con-full e-flex e-con e-parent\" data-id=\"13fe3afd\" data-element_type=\"container\" data-e-type=\"container\" data-settings=\"{&quot;background_background&quot;:&quot;classic&quot;}\">\n\t\t<div class=\"elementor-element elementor-element-4889cd5d e-con-full e-flex e-con e-child\" data-id=\"4889cd5d\" data-element_type=\"container\" data-e-type=\"container\">\n\t\t\t\t<div class=\"elementor-element elementor-element-6f974cd elementor-widget__width-inherit elementor-widget-divider--view-line elementor-invisible elementor-widget elementor-widget-divider\" data-id=\"6f974cd\" data-element_type=\"widget\" data-e-type=\"widget\" data-settings=\"{&quot;_animation&quot;:&quot;fadeInLeft&quot;}\" data-widget_type=\"divider.default\">\n\t\t\t\t<div class=\"elementor-widget-container\">\n\t\t\t\t\t\t\t<div class=\"elementor-divider\">\n\t\t\t<span class=\"elementor-divider-separator\">\n\t\t\t\t\t\t<\/span>\n\t\t<\/div>\n\t\t\t\t\t\t<\/div>\n\t\t\t\t<\/div>\n\t\t\t\t<div class=\"elementor-element elementor-element-40b0b15c elementor-widget__width-initial elementor-widget-tablet__width-inherit elementor-widget elementor-widget-heading\" data-id=\"40b0b15c\" data-element_type=\"widget\" data-e-type=\"widget\" data-widget_type=\"heading.default\">\n\t\t\t\t<div class=\"elementor-widget-container\">\n\t\t\t\t\t<h1 class=\"elementor-heading-title elementor-size-default\">Rom\u00e2nia - Descoperi\u021bi poten\u021bialul unei pie\u021be europene \u00een cre\u0219tere rapid\u0103!<\/h1>\t\t\t\t<\/div>\n\t\t\t\t<\/div>\n\t\t\t\t<div class=\"elementor-element elementor-element-2fd51a9b elementor-widget__width-initial elementor-widget-tablet__width-inherit elementor-widget elementor-widget-text-editor\" data-id=\"2fd51a9b\" data-element_type=\"widget\" data-e-type=\"widget\" data-widget_type=\"text-editor.default\">\n\t\t\t\t<div class=\"elementor-widget-container\">\n\t\t\t\t\t\t\t\t\t<p>\u00a0<\/p><p>Economia \u00een expansiune rapid\u0103, for\u021ba de munc\u0103 calificat\u0103 \u0219i loca\u021bia strategic\u0103 a Rom\u00e2niei \u00een Europa de Est fac din aceasta o pia\u021b\u0103 ideal\u0103 pentru \u00eentreprinderile care doresc s\u0103 se dezvolte \u0219i s\u0103 \u00ee\u0219i stabileasc\u0103 o prezen\u021b\u0103 \u00eentr-o regiune cu poten\u021bial ridicat.<\/p>\t\t\t\t\t\t\t\t<\/div>\n\t\t\t\t<\/div>\n\t\t\t\t<\/div>\n\t\t\t\t<\/div>\n\t\t<div class=\"elementor-element elementor-element-4cea73e e-con-full e-flex e-con e-parent\" data-id=\"4cea73e\" data-element_type=\"container\" data-e-type=\"container\">\n\t\t<div class=\"elementor-element elementor-element-6eb6309 e-con-full e-flex e-con e-child\" data-id=\"6eb6309\" data-element_type=\"container\" data-e-type=\"container\">\n\t\t\t\t<div class=\"elementor-element elementor-element-a6ac6f0 elementor-widget__width-inherit elementor-widget-divider--view-line elementor-invisible elementor-widget elementor-widget-divider\" data-id=\"a6ac6f0\" data-element_type=\"widget\" data-e-type=\"widget\" data-settings=\"{&quot;_animation&quot;:&quot;fadeInLeft&quot;}\" data-widget_type=\"divider.default\">\n\t\t\t\t<div class=\"elementor-widget-container\">\n\t\t\t\t\t\t\t<div class=\"elementor-divider\">\n\t\t\t<span class=\"elementor-divider-separator\">\n\t\t\t\t\t\t<\/span>\n\t\t<\/div>\n\t\t\t\t\t\t<\/div>\n\t\t\t\t<\/div>\n\t\t\t\t<div class=\"elementor-element elementor-element-942c78b elementor-widget__width-initial elementor-widget-tablet__width-inherit elementor-widget elementor-widget-heading\" data-id=\"942c78b\" data-element_type=\"widget\" data-e-type=\"widget\" data-widget_type=\"heading.default\">\n\t\t\t\t<div class=\"elementor-widget-container\">\n\t\t\t\t\t<h2 class=\"elementor-heading-title elementor-size-default\">Anun\u021buri recomandate<\/h2>\t\t\t\t<\/div>\n\t\t\t\t<\/div>\n\t\t\t\t<div class=\"elementor-element elementor-element-62f68aa elementor-widget__width-initial elementor-widget-tablet__width-inherit elementor-widget elementor-widget-text-editor\" data-id=\"62f68aa\" data-element_type=\"widget\" data-e-type=\"widget\" data-widget_type=\"text-editor.default\">\n\t\t\t\t<div class=\"elementor-widget-container\">\n\t\t\t\t\t\t\t\t\t<p>Mai jos sunt prezentate companiile care au ales s\u0103 \u00ee\u0219i expun\u0103 brandurile \u00een Rom\u00e2nia, profit\u00e2nd de oportunit\u0103\u021bile imense pe care aceast\u0103 pia\u021b\u0103 le ofer\u0103.<\/p>\t\t\t\t\t\t\t\t<\/div>\n\t\t\t\t<\/div>\n\t\t\t\t<\/div>\n\t\t<div class=\"elementor-element elementor-element-fa0e841 e-con-full e-flex e-con e-child\" data-id=\"fa0e841\" data-element_type=\"container\" data-e-type=\"container\">\n\t\t\t\t<div class=\"elementor-element elementor-element-5836658 elementor-widget__width-inherit elementor-widget elementor-widget-shortcode\" data-id=\"5836658\" data-element_type=\"widget\" data-e-type=\"widget\" data-widget_type=\"shortcode.default\">\n\t\t\t\t<div class=\"elementor-widget-container\">\n\t\t\t\t\t\t\t<div class=\"elementor-shortcode\"><div class=\"myplugin-site-posts-filter\"><form method=\"get\" action=\"\"><label for=\"category-filter\">Filtra\u021bi dup\u0103 categorie:<\/label> <select id=\"category-filter\" name=\"category\" onchange=\"this.form.submit()\"><option value=\"\">Toate categoriile<\/option><option value=\"professional-services\" >Servicii profesionale<\/option><option value=\"technology-innovation\" >Tehnologie \u0219i inovare<\/option><option value=\"retail-e-commerce\" >Comer\u021b cu am\u0103nuntul \u0219i comer\u021b electronic<\/option><option value=\"health-wellness\" >S\u0103n\u0103tate \u0219i wellness<\/option><option value=\"construction-real-estate\" >Construc\u021bii \u0219i imobiliare<\/option><option value=\"finance-insurance\" >Finan\u021be \u0219i asigur\u0103ri<\/option><option value=\"education-training\" >Educa\u021bie \u0219i formare<\/option><option value=\"logistics-manufacturing\" >Logistic\u0103 \u0219i produc\u021bie<\/option><\/select><input type=\"hidden\" name=\"trp-form-language\" value=\"ro\"\/><\/form><\/div><div class=\"myplugin-site-posts\"><p>Nu s-au g\u0103sit posturi pentru aceast\u0103 categorie.<\/p><\/div><\/div>\n\t\t\t\t\t\t<\/div>\n\t\t\t\t<\/div>\n\t\t\t\t<\/div>\n\t\t\t\t<\/div>\n\t\t<div class=\"elementor-element elementor-element-1d0e29b7 e-con-full e-flex e-con e-parent\" data-id=\"1d0e29b7\" data-element_type=\"container\" data-e-type=\"container\" data-settings=\"{&quot;background_background&quot;:&quot;classic&quot;}\">\n\t\t<div class=\"elementor-element elementor-element-69df4861 e-con-full e-flex e-con e-child\" data-id=\"69df4861\" data-element_type=\"container\" data-e-type=\"container\">\n\t\t\t\t<div class=\"elementor-element elementor-element-5ceb7117 elementor-invisible elementor-widget elementor-widget-heading\" data-id=\"5ceb7117\" data-element_type=\"widget\" data-e-type=\"widget\" data-settings=\"{&quot;_animation&quot;:&quot;fadeIn&quot;}\" data-widget_type=\"heading.default\">\n\t\t\t\t<div class=\"elementor-widget-container\">\n\t\t\t\t\t<h2 class=\"elementor-heading-title elementor-size-default\">Dori\u021bi s\u0103 v\u0103 stimula\u021bi afacerea ast\u0103zi?<\/h2>\t\t\t\t<\/div>\n\t\t\t\t<\/div>\n\t\t\t\t<div class=\"elementor-element elementor-element-4ba88f8 elementor-widget elementor-widget-text-editor\" data-id=\"4ba88f8\" data-element_type=\"widget\" data-e-type=\"widget\" data-settings=\"{&quot;_animation&quot;:&quot;none&quot;}\" data-widget_type=\"text-editor.default\">\n\t\t\t\t<div class=\"elementor-widget-container\">\n\t\t\t\t\t\t\t\t\t<p>Contacta\u021bi-ne ast\u0103zi pentru a afla mai multe despre cum v\u0103 putem ajuta s\u0103 v\u0103 atinge\u021bi obiectivele de marketing cu precizie \u0219i \u00eencredere.<\/p>\t\t\t\t\t\t\t\t<\/div>\n\t\t\t\t<\/div>\n\t\t\t\t<div class=\"elementor-element elementor-element-705de85b elementor-align-justify elementor-widget__width-initial elementor-widget elementor-widget-button\" data-id=\"705de85b\" data-element_type=\"widget\" data-e-type=\"widget\" data-widget_type=\"button.default\">\n\t\t\t\t<div class=\"elementor-widget-container\">\n\t\t\t\t\t\t\t\t\t<div class=\"elementor-button-wrapper\">\n\t\t\t\t\t<a class=\"elementor-button elementor-size-sm\" role=\"button\">\n\t\t\t\t\t\t<span class=\"elementor-button-content-wrapper\">\n\t\t\t\t\t\t\t\t\t<span class=\"elementor-button-text\">contacta\u021bi-ne<\/span>\n\t\t\t\t\t<\/span>\n\t\t\t\t\t<\/a>\n\t\t\t\t<\/div>\n\t\t\t\t\t\t\t\t<\/div>\n\t\t\t\t<\/div>\n\t\t\t\t<\/div>\n\t\t<div class=\"elementor-element elementor-element-3d26a195 e-con-full e-flex e-con e-child\" data-id=\"3d26a195\" data-element_type=\"container\" data-e-type=\"container\" data-settings=\"{&quot;background_background&quot;:&quot;classic&quot;}\">\n\t\t\t\t<\/div>\n\t\t\t\t<\/div>\n\t\t\t\t<\/div>","protected":false},"excerpt":{"rendered":"<p>Rom\u00e2nia - Descoperi\u021bi poten\u021bialul unei pie\u021be europene \u00een cre\u0219tere rapid\u0103!   Economia \u00een expansiune rapid\u0103 a Rom\u00e2niei, for\u021ba de munc\u0103 calificat\u0103 \u0219i loca\u021bia strategic\u0103 \u00een Europa de Est fac din aceasta o pia\u021b\u0103 ideal\u0103 pentru companiile care doresc s\u0103 se dezvolte \u0219i s\u0103 \u00ee\u0219i stabileasc\u0103 o prezen\u021b\u0103 \u00eentr-o regiune cu poten\u021bial ridicat. Anun\u021buri recomandate Mai jos sunt prezentate companiile care au ales s\u0103 \u00ee\u0219i prezinte brandurile \u00een [...]<\/p>","protected":false},"author":3,"featured_media":0,"parent":0,"menu_order":0,"comment_status":"closed","ping_status":"closed","template":"elementor_header_footer","meta":{"footnotes":""},"class_list":["post-66","page","type-page","status-publish","hentry"],"_links":{"self":[{"href":"https:\/\/eurosalesman.ro\/ro\/wp-json\/wp\/v2\/pages\/66","targetHints":{"allow":["GET"]}}],"collection":[{"href":"https:\/\/eurosalesman.ro\/ro\/wp-json\/wp\/v2\/pages"}],"about":[{"href":"https:\/\/eurosalesman.ro\/ro\/wp-json\/wp\/v2\/types\/page"}],"author":[{"embeddable":true,"href":"https:\/\/eurosalesman.ro\/ro\/wp-json\/wp\/v2\/users\/3"}],"replies":[{"embeddable":true,"href":"https:\/\/eurosalesman.ro\/ro\/wp-json\/wp\/v2\/comments?post=66"}],"version-history":[{"count":13,"href":"https:\/\/eurosalesman.ro\/ro\/wp-json\/wp\/v2\/pages\/66\/revisions"}],"predecessor-version":[{"id":139,"href":"https:\/\/eurosalesman.ro\/ro\/wp-json\/wp\/v2\/pages\/66\/revisions\/139"}],"wp:attachment":[{"href":"https:\/\/eurosalesman.ro\/ro\/wp-json\/wp\/v2\/media?parent=66"}],"curies":[{"name":"wp","href":"https:\/\/api.w.org\/{rel}","templated":true}]}}